{"id":786,"date":"2024-05-05T12:58:50","date_gmt":"2024-05-05T12:58:50","guid":{"rendered":"https:\/\/ironfold.ca\/technologie\/"},"modified":"2024-05-25T12:28:06","modified_gmt":"2024-05-25T12:28:06","slug":"technologie","status":"publish","type":"page","link":"https:\/\/ironfold.ca\/fr\/technologie\/","title":{"rendered":"Technologie"},"content":{"rendered":"\t\t<div data-elementor-type=\"wp-page\" data-elementor-id=\"786\" class=\"elementor elementor-786 elementor-442\" data-elementor-post-type=\"page\">\n\t\t\t\t<div class=\"wd-negative-gap elementor-element elementor-element-dc43f2c wd-section-stretch e-flex e-con-boxed e-con e-parent\" data-id=\"dc43f2c\" data-element_type=\"container\" data-settings=\"{&quot;background_background&quot;:&quot;classic&quot;}\">\n\t\t\t\t\t<div class=\"e-con-inner\">\n\t\t<div class=\"wd-negative-gap elementor-element elementor-element-5e57d02 e-flex e-con-boxed e-con e-child\" data-id=\"5e57d02\" data-element_type=\"container\">\n\t\t\t\t\t<div class=\"e-con-inner\">\n\t\t<div class=\"elementor-element elementor-element-272419d e-con-full e-flex e-con e-child\" data-id=\"272419d\" data-element_type=\"container\">\n\t\t\t\t<div class=\"elementor-element elementor-element-d8f5d8e elementor-widget elementor-widget-heading\" data-id=\"d8f5d8e\" data-element_type=\"widget\" data-widget_type=\"heading.default\">\n\t\t\t\t<div class=\"elementor-widget-container\">\n\t\t\t<style>\/*! elementor - v3.22.0 - 26-06-2024 *\/\n.elementor-heading-title{padding:0;margin:0;line-height:1}.elementor-widget-heading .elementor-heading-title[class*=elementor-size-]>a{color:inherit;font-size:inherit;line-height:inherit}.elementor-widget-heading .elementor-heading-title.elementor-size-small{font-size:15px}.elementor-widget-heading .elementor-heading-title.elementor-size-medium{font-size:19px}.elementor-widget-heading .elementor-heading-title.elementor-size-large{font-size:29px}.elementor-widget-heading .elementor-heading-title.elementor-size-xl{font-size:39px}.elementor-widget-heading .elementor-heading-title.elementor-size-xxl{font-size:59px}<\/style><h2 class=\"elementor-heading-title elementor-size-default\">Aper\u00e7u de la technologie<\/h2>\t\t<\/div>\n\t\t\t\t<\/div>\n\t\t\t\t<div class=\"elementor-element elementor-element-8fffcde color-scheme-inherit text-left elementor-widget elementor-widget-text-editor\" data-id=\"8fffcde\" data-element_type=\"widget\" data-widget_type=\"text-editor.default\">\n\t\t\t\t<div class=\"elementor-widget-container\">\n\t\t\t<style>\/*! elementor - v3.22.0 - 26-06-2024 *\/\n.elementor-widget-text-editor.elementor-drop-cap-view-stacked .elementor-drop-cap{background-color:#69727d;color:#fff}.elementor-widget-text-editor.elementor-drop-cap-view-framed .elementor-drop-cap{color:#69727d;border:3px solid;background-color:transparent}.elementor-widget-text-editor:not(.elementor-drop-cap-view-default) .elementor-drop-cap{margin-top:8px}.elementor-widget-text-editor:not(.elementor-drop-cap-view-default) .elementor-drop-cap-letter{width:1em;height:1em}.elementor-widget-text-editor .elementor-drop-cap{float:left;text-align:center;line-height:1;font-size:50px}.elementor-widget-text-editor .elementor-drop-cap-letter{display:inline-block}<\/style>\t\t\t\t<p>Un mod\u00e8le repr\u00e9sentatif ou un syst\u00e8me prototype, bien au-del\u00e0 de celui du TRL5, est test\u00e9 dans un environnement pertinent. Repr\u00e9sente une avanc\u00e9e majeure dans l\u2019\u00e9tat de pr\u00e9paration d\u00e9montr\u00e9 d\u2019une technologie.<\/p>\n<p>Les exemples incluent le test d&rsquo;un prototype dans un environnement de laboratoire haute fid\u00e9lit\u00e9 ou dans un environnement op\u00e9rationnel simul\u00e9.<\/p>\n<p>Niveau 7<\/p>\n<p>Prototype \u00e0 proximit\u00e9 ou au niveau du syst\u00e8me op\u00e9rationnel pr\u00e9vu. Repr\u00e9sente une avanc\u00e9e majeure par rapport au TRL6, n\u00e9cessitant la d\u00e9monstration d&rsquo;un prototype de syst\u00e8me r\u00e9el dans un environnement op\u00e9rationnel, comme dans un avion, un v\u00e9hicule ou dans l&rsquo;espace. Les exemples incluent le test du prototype dans un avion sur banc d\u2019essai.<\/p>\n\t\t\t\t\t\t<\/div>\n\t\t\t\t<\/div>\n\t\t\t\t<\/div>\n\t\t<div class=\"elementor-element elementor-element-241ca91 e-con-full e-flex e-con e-child\" data-id=\"241ca91\" data-element_type=\"container\">\n\t\t\t\t<div class=\"elementor-element elementor-element-db15f6e elementor-widget elementor-widget-image\" data-id=\"db15f6e\" data-element_type=\"widget\" data-widget_type=\"image.default\">\n\t\t\t\t<div class=\"elementor-widget-container\">\n\t\t\t<style>\/*! elementor - v3.22.0 - 26-06-2024 *\/\n.elementor-widget-image{text-align:center}.elementor-widget-image a{display:inline-block}.elementor-widget-image a img[src$=\".svg\"]{width:48px}.elementor-widget-image img{vertical-align:middle;display:inline-block}<\/style>\t\t\t\t\t\t\t\t\t\t<img fetchpriority=\"high\" decoding=\"async\" width=\"1000\" height=\"800\" src=\"https:\/\/ironfold.ca\/wp-content\/uploads\/2024\/05\/PHOTO-2024-05-08-09-51-59.jpg\" class=\"attachment-full size-full wp-image-569\" alt=\"\" srcset=\"https:\/\/ironfold.ca\/wp-content\/uploads\/2024\/05\/PHOTO-2024-05-08-09-51-59.jpg 1000w, https:\/\/ironfold.ca\/wp-content\/uploads\/2024\/05\/PHOTO-2024-05-08-09-51-59-300x240.jpg 300w, https:\/\/ironfold.ca\/wp-content\/uploads\/2024\/05\/PHOTO-2024-05-08-09-51-59-768x614.jpg 768w\" sizes=\"(max-width: 1000px) 100vw, 1000px\" \/>\t\t\t\t\t\t\t\t\t\t\t\t\t<\/div>\n\t\t\t\t<\/div>\n\t\t\t\t<\/div>\n\t\t\t\t\t<\/div>\n\t\t\t\t<\/div>\n\t\t<div class=\"wd-negative-gap elementor-element elementor-element-b787629 e-flex e-con-boxed e-con e-child\" data-id=\"b787629\" data-element_type=\"container\">\n\t\t\t\t\t<div class=\"e-con-inner\">\n\t\t<div class=\"elementor-element elementor-element-5cff8e6 e-con-full e-flex e-con e-child\" data-id=\"5cff8e6\" data-element_type=\"container\">\n\t\t\t\t<div class=\"elementor-element elementor-element-51d7771 elementor-widget elementor-widget-heading\" data-id=\"51d7771\" data-element_type=\"widget\" data-widget_type=\"heading.default\">\n\t\t\t\t<div class=\"elementor-widget-container\">\n\t\t\t<h2 class=\"elementor-heading-title elementor-size-default\">Comment \u00e7a marche<\/h2>\t\t<\/div>\n\t\t\t\t<\/div>\n\t\t\t\t<div class=\"elementor-element elementor-element-a145509 text-right color-scheme-inherit elementor-widget elementor-widget-text-editor\" data-id=\"a145509\" data-element_type=\"widget\" data-widget_type=\"text-editor.default\">\n\t\t\t\t<div class=\"elementor-widget-container\">\n\t\t\t\t\t\t\t<p>\u00ab Combinant une ing\u00e9nierie de pointe avec une conception conviviale, nos appareils<\/p>\n<p>simplifie la lessive, le repassage et le pliage des v\u00eatements en appuyant simplement sur un bouton.<\/p>\n\t\t\t\t\t\t<\/div>\n\t\t\t\t<\/div>\n\t\t\t\t<\/div>\n\t\t<div class=\"elementor-element elementor-element-1d146fc e-con-full e-flex e-con e-child\" data-id=\"1d146fc\" data-element_type=\"container\">\n\t\t\t\t<div class=\"elementor-element elementor-element-98b919e elementor-widget elementor-widget-image\" data-id=\"98b919e\" data-element_type=\"widget\" data-widget_type=\"image.default\">\n\t\t\t\t<div class=\"elementor-widget-container\">\n\t\t\t\t\t\t\t\t\t\t\t\t\t<img decoding=\"async\" width=\"1000\" height=\"800\" src=\"https:\/\/ironfold.ca\/wp-content\/uploads\/2024\/05\/PHOTO-2024-05-08-09-51-58.jpg\" class=\"attachment-full size-full wp-image-576\" alt=\"\" srcset=\"https:\/\/ironfold.ca\/wp-content\/uploads\/2024\/05\/PHOTO-2024-05-08-09-51-58.jpg 1000w, https:\/\/ironfold.ca\/wp-content\/uploads\/2024\/05\/PHOTO-2024-05-08-09-51-58-300x240.jpg 300w, https:\/\/ironfold.ca\/wp-content\/uploads\/2024\/05\/PHOTO-2024-05-08-09-51-58-768x614.jpg 768w\" sizes=\"(max-width: 1000px) 100vw, 1000px\" \/>\t\t\t\t\t\t\t\t\t\t\t\t\t<\/div>\n\t\t\t\t<\/div>\n\t\t\t\t<\/div>\n\t\t\t\t\t<\/div>\n\t\t\t\t<\/div>\n\t\t<div class=\"wd-negative-gap elementor-element elementor-element-fdf5ae5 e-flex e-con-boxed e-con e-child\" data-id=\"fdf5ae5\" data-element_type=\"container\">\n\t\t\t\t\t<div class=\"e-con-inner\">\n\t\t<div class=\"elementor-element elementor-element-4e7c278 e-con-full e-flex e-con e-child\" data-id=\"4e7c278\" data-element_type=\"container\">\n\t\t\t\t<div class=\"elementor-element elementor-element-01dd1d0 elementor-widget elementor-widget-heading\" data-id=\"01dd1d0\" data-element_type=\"widget\" data-widget_type=\"heading.default\">\n\t\t\t\t<div class=\"elementor-widget-container\">\n\t\t\t<h2 class=\"elementor-heading-title elementor-size-default\">Chronologie de d\u00e9veloppement de la startup<\/h2>\t\t<\/div>\n\t\t\t\t<\/div>\n\t\t\t\t<div class=\"elementor-element elementor-element-0b016b7 color-scheme-inherit text-left elementor-widget elementor-widget-text-editor\" data-id=\"0b016b7\" data-element_type=\"widget\" data-widget_type=\"text-editor.default\">\n\t\t\t\t<div class=\"elementor-widget-container\">\n\t\t\t\t\t\t\t<p>Une chronologie graphique pr\u00e9sentant les \u00e9tapes de d\u00e9veloppement et les jalons pr\u00e9vus.<\/p>\n\t\t\t\t\t\t<\/div>\n\t\t\t\t<\/div>\n\t\t\t\t<div class=\"elementor-element elementor-element-2e486a4 color-scheme-inherit text-left elementor-widget elementor-widget-text-editor\" data-id=\"2e486a4\" data-element_type=\"widget\" data-widget_type=\"text-editor.default\">\n\t\t\t\t<div class=\"elementor-widget-container\">\n\t\t\t\t\t\t\t<p>TRL 5 &amp; TRL 6<\/p>\n\t\t\t\t\t\t<\/div>\n\t\t\t\t<\/div>\n\t\t\t\t<\/div>\n\t\t<div class=\"elementor-element elementor-element-6546924 e-con-full e-flex e-con e-child\" data-id=\"6546924\" data-element_type=\"container\">\n\t\t\t\t<div class=\"elementor-element elementor-element-aa2cc6f elementor-widget elementor-widget-image\" data-id=\"aa2cc6f\" data-element_type=\"widget\" data-widget_type=\"image.default\">\n\t\t\t\t<div class=\"elementor-widget-container\">\n\t\t\t\t\t\t\t\t\t\t\t\t\t<img decoding=\"async\" width=\"1136\" height=\"600\" src=\"https:\/\/ironfold.ca\/wp-content\/uploads\/2024\/05\/1711464598999.jpeg\" class=\"attachment-full size-full wp-image-906\" alt=\"\" srcset=\"https:\/\/ironfold.ca\/wp-content\/uploads\/2024\/05\/1711464598999.jpeg 1136w, https:\/\/ironfold.ca\/wp-content\/uploads\/2024\/05\/1711464598999-300x158.jpeg 300w, https:\/\/ironfold.ca\/wp-content\/uploads\/2024\/05\/1711464598999-1024x541.jpeg 1024w, https:\/\/ironfold.ca\/wp-content\/uploads\/2024\/05\/1711464598999-768x406.jpeg 768w\" sizes=\"(max-width: 1136px) 100vw, 1136px\" \/>\t\t\t\t\t\t\t\t\t\t\t\t\t<\/div>\n\t\t\t\t<\/div>\n\t\t\t\t<\/div>\n\t\t\t\t\t<\/div>\n\t\t\t\t<\/div>\n\t\t\t\t\t<\/div>\n\t\t\t\t<\/div>\n\t\t\t\t<\/div>\n\t\t","protected":false},"excerpt":{"rendered":"<p>Aper\u00e7u de la technologie Un mod\u00e8le repr\u00e9sentatif ou un syst\u00e8me prototype, bien au-del\u00e0 de celui du TRL5, est test\u00e9 dans<\/p>\n","protected":false},"author":1,"featured_media":0,"parent":0,"menu_order":0,"comment_status":"closed","ping_status":"closed","template":"","meta":{"_acf_changed":false,"footnotes":""},"class_list":["post-786","page","type-page","status-publish","hentry"],"acf":[],"_links":{"self":[{"href":"https:\/\/ironfold.ca\/fr\/wp-json\/wp\/v2\/pages\/786","targetHints":{"allow":["GET"]}}],"collection":[{"href":"https:\/\/ironfold.ca\/fr\/wp-json\/wp\/v2\/pages"}],"about":[{"href":"https:\/\/ironfold.ca\/fr\/wp-json\/wp\/v2\/types\/page"}],"author":[{"embeddable":true,"href":"https:\/\/ironfold.ca\/fr\/wp-json\/wp\/v2\/users\/1"}],"replies":[{"embeddable":true,"href":"https:\/\/ironfold.ca\/fr\/wp-json\/wp\/v2\/comments?post=786"}],"version-history":[{"count":9,"href":"https:\/\/ironfold.ca\/fr\/wp-json\/wp\/v2\/pages\/786\/revisions"}],"predecessor-version":[{"id":932,"href":"https:\/\/ironfold.ca\/fr\/wp-json\/wp\/v2\/pages\/786\/revisions\/932"}],"wp:attachment":[{"href":"https:\/\/ironfold.ca\/fr\/wp-json\/wp\/v2\/media?parent=786"}],"curies":[{"name":"wp","href":"https:\/\/api.w.org\/{rel}","templated":true}]}}