{"id":784,"date":"2024-05-05T12:58:40","date_gmt":"2024-05-05T12:58:40","guid":{"rendered":"https:\/\/ironfold.ca\/produit\/"},"modified":"2024-05-25T12:27:57","modified_gmt":"2024-05-25T12:27:57","slug":"produit","status":"publish","type":"page","link":"https:\/\/ironfold.ca\/fr\/produit\/","title":{"rendered":"Produit"},"content":{"rendered":"\t\t<div data-elementor-type=\"wp-page\" data-elementor-id=\"784\" class=\"elementor elementor-784 elementor-441\" data-elementor-post-type=\"page\">\n\t\t\t\t<div class=\"wd-negative-gap elementor-element elementor-element-4654d18 wd-section-stretch e-flex e-con-boxed e-con e-parent\" data-id=\"4654d18\" data-element_type=\"container\" data-settings=\"{&quot;background_background&quot;:&quot;classic&quot;}\">\n\t\t\t\t\t<div class=\"e-con-inner\">\n\t\t\t\t<div class=\"elementor-element elementor-element-78b5a66 elementor-widget elementor-widget-heading\" data-id=\"78b5a66\" data-element_type=\"widget\" data-widget_type=\"heading.default\">\n\t\t\t\t<div class=\"elementor-widget-container\">\n\t\t\t<style>\/*! elementor - v3.22.0 - 26-06-2024 *\/\n.elementor-heading-title{padding:0;margin:0;line-height:1}.elementor-widget-heading .elementor-heading-title[class*=elementor-size-]>a{color:inherit;font-size:inherit;line-height:inherit}.elementor-widget-heading .elementor-heading-title.elementor-size-small{font-size:15px}.elementor-widget-heading .elementor-heading-title.elementor-size-medium{font-size:19px}.elementor-widget-heading .elementor-heading-title.elementor-size-large{font-size:29px}.elementor-widget-heading .elementor-heading-title.elementor-size-xl{font-size:39px}.elementor-widget-heading .elementor-heading-title.elementor-size-xxl{font-size:59px}<\/style><h2 class=\"elementor-heading-title elementor-size-default\">Fer IronFold aliment\u00e9 par l'IA<\/h2>\t\t<\/div>\n\t\t\t\t<\/div>\n\t\t<div class=\"wd-negative-gap elementor-element elementor-element-86e9b97 e-flex e-con-boxed e-con e-child\" data-id=\"86e9b97\" data-element_type=\"container\">\n\t\t\t\t\t<div class=\"e-con-inner\">\n\t\t<div class=\"elementor-element elementor-element-db7a6d7 e-con-full e-flex e-con e-child\" data-id=\"db7a6d7\" data-element_type=\"container\">\n\t\t\t\t<div class=\"elementor-element elementor-element-cfa9700 color-scheme-inherit text-left elementor-widget elementor-widget-text-editor\" data-id=\"cfa9700\" data-element_type=\"widget\" data-widget_type=\"text-editor.default\">\n\t\t\t\t<div class=\"elementor-widget-container\">\n\t\t\t<style>\/*! elementor - v3.22.0 - 26-06-2024 *\/\n.elementor-widget-text-editor.elementor-drop-cap-view-stacked .elementor-drop-cap{background-color:#69727d;color:#fff}.elementor-widget-text-editor.elementor-drop-cap-view-framed .elementor-drop-cap{color:#69727d;border:3px solid;background-color:transparent}.elementor-widget-text-editor:not(.elementor-drop-cap-view-default) .elementor-drop-cap{margin-top:8px}.elementor-widget-text-editor:not(.elementor-drop-cap-view-default) .elementor-drop-cap-letter{width:1em;height:1em}.elementor-widget-text-editor .elementor-drop-cap{float:left;text-align:center;line-height:1;font-size:50px}.elementor-widget-text-editor .elementor-drop-cap-letter{display:inline-block}<\/style>\t\t\t\t<p>Ironfold pr\u00e9sente un appareil de pointe permettant de repasser et de plier le linge simultan\u00e9ment, aliment\u00e9 par une technologie de pointe comprenant l&rsquo;IA et des capteurs. L&rsquo;appareil dispose de fonctionnalit\u00e9s telles que la reconnaissance intelligente des tissus, l&rsquo;adaptation de la temp\u00e9rature en temps r\u00e9el, l&rsquo;efficacit\u00e9 \u00e9nerg\u00e9tique et des protocoles de s\u00e9curit\u00e9 am\u00e9lior\u00e9s. Il peut presser, d\u00e9froisser et plier les v\u00eatements en moins de deux minutes, gr\u00e2ce \u00e0 une m\u00e9thode de pliage programmable et un design compact. L&rsquo;appareil utilise des cam\u00e9ras et des capteurs aliment\u00e9s par l&rsquo;IA pour identifier les types de v\u00eatements, les plis et les d\u00e9tails du tissu, ajustant ainsi le processus de repassage en cons\u00e9quence. Il offre des profils de repassage personnalisables, des algorithmes de pliage automatique, des capacit\u00e9s de dimensionnement et de tri et un fonctionnement \u00e9conome en \u00e9nergie. L&rsquo;interface conviviale comprend des commandes vocales et une surveillance \u00e0 distance via une application pour smartphone. De plus, l&rsquo;appareil effectue un autodiagnostic, offre un retour d&rsquo;\u00e9nergie et collecte des donn\u00e9es pour une am\u00e9lioration continue.<\/p>\n\t\t\t\t\t\t<\/div>\n\t\t\t\t<\/div>\n\t\t\t\t<\/div>\n\t\t<div class=\"elementor-element elementor-element-563eed7 e-con-full e-flex e-con e-child\" data-id=\"563eed7\" data-element_type=\"container\">\n\t\t\t\t<div class=\"elementor-element elementor-element-3d3272b elementor-widget elementor-widget-image\" data-id=\"3d3272b\" data-element_type=\"widget\" data-widget_type=\"image.default\">\n\t\t\t\t<div class=\"elementor-widget-container\">\n\t\t\t<style>\/*! elementor - v3.22.0 - 26-06-2024 *\/\n.elementor-widget-image{text-align:center}.elementor-widget-image a{display:inline-block}.elementor-widget-image a img[src$=\".svg\"]{width:48px}.elementor-widget-image img{vertical-align:middle;display:inline-block}<\/style>\t\t\t\t\t\t\t\t\t\t<img fetchpriority=\"high\" decoding=\"async\" width=\"810\" height=\"1080\" src=\"https:\/\/ironfold.ca\/wp-content\/uploads\/2024\/05\/PHOTO-2024-05-06-11-04-37.jpg\" class=\"attachment-full size-full wp-image-589\" alt=\"\" srcset=\"https:\/\/ironfold.ca\/wp-content\/uploads\/2024\/05\/PHOTO-2024-05-06-11-04-37.jpg 810w, https:\/\/ironfold.ca\/wp-content\/uploads\/2024\/05\/PHOTO-2024-05-06-11-04-37-225x300.jpg 225w, https:\/\/ironfold.ca\/wp-content\/uploads\/2024\/05\/PHOTO-2024-05-06-11-04-37-768x1024.jpg 768w\" sizes=\"(max-width: 810px) 100vw, 810px\" \/>\t\t\t\t\t\t\t\t\t\t\t\t\t<\/div>\n\t\t\t\t<\/div>\n\t\t\t\t<\/div>\n\t\t\t\t\t<\/div>\n\t\t\t\t<\/div>\n\t\t<div class=\"wd-negative-gap elementor-element elementor-element-c9b96c3 e-flex e-con-boxed e-con e-child\" data-id=\"c9b96c3\" data-element_type=\"container\">\n\t\t\t\t\t<div class=\"e-con-inner\">\n\t\t<div class=\"elementor-element elementor-element-11dcc38 e-con-full e-flex e-con e-child\" data-id=\"11dcc38\" data-element_type=\"container\">\n\t\t\t\t<div class=\"elementor-element elementor-element-b21ab52 text-right color-scheme-inherit elementor-widget elementor-widget-text-editor\" data-id=\"b21ab52\" data-element_type=\"widget\" data-widget_type=\"text-editor.default\">\n\t\t\t\t<div class=\"elementor-widget-container\">\n\t\t\t\t\t\t\t<p>Ironfold pr\u00e9sente un appareil de pointe permettant de repasser et de plier le linge simultan\u00e9ment, aliment\u00e9 par une technologie de pointe comprenant l&rsquo;IA et des capteurs. L&rsquo;appareil dispose de fonctionnalit\u00e9s telles que la reconnaissance intelligente des tissus, l&rsquo;adaptation de la temp\u00e9rature en temps r\u00e9el, l&rsquo;efficacit\u00e9 \u00e9nerg\u00e9tique et des protocoles de s\u00e9curit\u00e9 am\u00e9lior\u00e9s. Il peut presser, d\u00e9froisser et plier les v\u00eatements en moins de deux minutes, gr\u00e2ce \u00e0 une m\u00e9thode de pliage programmable et un design compact. L&rsquo;appareil utilise des cam\u00e9ras et des capteurs aliment\u00e9s par l&rsquo;IA pour identifier les types de v\u00eatements, les plis et les d\u00e9tails du tissu, ajustant ainsi le processus de repassage en cons\u00e9quence. Il offre des profils de repassage personnalisables, des algorithmes de pliage automatique, des capacit\u00e9s de dimensionnement et de tri et un fonctionnement \u00e9conome en \u00e9nergie. L&rsquo;interface conviviale comprend des commandes vocales et une surveillance \u00e0 distance via une application pour smartphone. De plus, l&rsquo;appareil effectue un autodiagnostic, offre un retour d&rsquo;\u00e9nergie et collecte des donn\u00e9es pour une am\u00e9lioration continue.<\/p>\n\t\t\t\t\t\t<\/div>\n\t\t\t\t<\/div>\n\t\t\t\t<\/div>\n\t\t<div class=\"elementor-element elementor-element-302e8f6 e-con-full e-flex e-con e-child\" data-id=\"302e8f6\" data-element_type=\"container\">\n\t\t\t\t<div class=\"elementor-element elementor-element-f381a2e elementor-widget elementor-widget-image\" data-id=\"f381a2e\" data-element_type=\"widget\" data-widget_type=\"image.default\">\n\t\t\t\t<div class=\"elementor-widget-container\">\n\t\t\t\t\t\t\t\t\t\t\t\t\t<img decoding=\"async\" width=\"810\" height=\"1080\" src=\"https:\/\/ironfold.ca\/wp-content\/uploads\/2024\/05\/PHOTO-2024-05-06-11-04-32.jpg\" class=\"attachment-full size-full wp-image-590\" alt=\"\" srcset=\"https:\/\/ironfold.ca\/wp-content\/uploads\/2024\/05\/PHOTO-2024-05-06-11-04-32.jpg 810w, https:\/\/ironfold.ca\/wp-content\/uploads\/2024\/05\/PHOTO-2024-05-06-11-04-32-225x300.jpg 225w, https:\/\/ironfold.ca\/wp-content\/uploads\/2024\/05\/PHOTO-2024-05-06-11-04-32-768x1024.jpg 768w\" sizes=\"(max-width: 810px) 100vw, 810px\" \/>\t\t\t\t\t\t\t\t\t\t\t\t\t<\/div>\n\t\t\t\t<\/div>\n\t\t\t\t<\/div>\n\t\t\t\t\t<\/div>\n\t\t\t\t<\/div>\n\t\t\t\t\t<\/div>\n\t\t\t\t<\/div>\n\t\t<div class=\"wd-negative-gap elementor-element elementor-element-d12d882 wd-section-stretch e-flex e-con-boxed e-con e-parent\" data-id=\"d12d882\" data-element_type=\"container\" data-settings=\"{&quot;background_background&quot;:&quot;classic&quot;}\">\n\t\t\t\t\t<div class=\"e-con-inner\">\n\t\t\t\t<div class=\"elementor-element elementor-element-95a00a1 elementor-widget elementor-widget-heading\" data-id=\"95a00a1\" data-element_type=\"widget\" data-widget_type=\"heading.default\">\n\t\t\t\t<div class=\"elementor-widget-container\">\n\t\t\t<h2 class=\"elementor-heading-title elementor-size-default\">T\u00e9moignages<\/h2>\t\t<\/div>\n\t\t\t\t<\/div>\n\t\t<div class=\"wd-negative-gap elementor-element elementor-element-59904bf e-flex e-con-boxed e-con e-child\" data-id=\"59904bf\" data-element_type=\"container\">\n\t\t\t\t\t<div class=\"e-con-inner\">\n\t\t\t\t<div class=\"elementor-element elementor-element-3093194 elementor-testimonial--align-left elementor-testimonial--skin-default elementor-testimonial--layout-image_inline elementor-arrows-yes elementor-widget elementor-widget-testimonial-carousel\" data-id=\"3093194\" data-element_type=\"widget\" data-settings=\"{&quot;slides_per_view&quot;:&quot;4&quot;,&quot;show_arrows&quot;:&quot;yes&quot;,&quot;speed&quot;:500,&quot;autoplay&quot;:&quot;yes&quot;,&quot;autoplay_speed&quot;:5000,&quot;loop&quot;:&quot;yes&quot;,&quot;pause_on_hover&quot;:&quot;yes&quot;,&quot;pause_on_interaction&quot;:&quot;yes&quot;,&quot;space_between&quot;:{&quot;unit&quot;:&quot;px&quot;,&quot;size&quot;:10,&quot;sizes&quot;:[]},&quot;space_between_tablet&quot;:{&quot;unit&quot;:&quot;px&quot;,&quot;size&quot;:10,&quot;sizes&quot;:[]},&quot;space_between_mobile&quot;:{&quot;unit&quot;:&quot;px&quot;,&quot;size&quot;:10,&quot;sizes&quot;:[]}}\" data-widget_type=\"testimonial-carousel.default\">\n\t\t\t\t<div class=\"elementor-widget-container\">\n\t\t\t<link rel=\"stylesheet\" href=\"https:\/\/ironfold.ca\/wp-content\/plugins\/elementor-pro\/assets\/css\/widget-carousel-rtl.min.css\">\t\t<div class=\"elementor-swiper\">\n\t\t\t<div class=\"elementor-main-swiper swiper\">\n\t\t\t\t<div class=\"swiper-wrapper\">\n\t\t\t\t\t\t\t\t\t\t\t<div class=\"swiper-slide\">\n\t\t\t\t\t\t\t\t\t<div class=\"elementor-testimonial\">\n\t\t\t\t\t\t\t<div class=\"elementor-testimonial__content\">\n\t\t\t\t\t<div class=\"elementor-testimonial__text\">\n\t\t\t\t\t\t<p>Lorem ipsum dolor sit amet, consectetur adipiscing elit. Ut elit tellus, luctus nec ullamcorper mattis, pulvinar dapibus leo.<\/p>\n\t\t\t\t\t<\/div>\n\t\t\t\t\t\t\t\t\t<\/div>\n\t\t\t\t\t\t<div class=\"elementor-testimonial__footer\">\n\t\t\t\t\t\t\t\t\t<div class=\"elementor-testimonial__image\">\n\t\t\t\t\t\t<img decoding=\"async\" src=\"https:\/\/keryasgg.luxuryrent.ir\/wp-content\/plugins\/elementor\/assets\/images\/placeholder.png\" alt=\"John Doe\">\n\t\t\t\t\t\t\t\t\t\t\t<\/div>\n\t\t\t\t\t\t\t\t<cite class=\"elementor-testimonial__cite\"><span class=\"elementor-testimonial__name\">John Doe<\/span><span class=\"elementor-testimonial__title\">CEO<\/span><\/cite>\t\t\t<\/div>\n\t\t<\/div>\n\t\t\t\t\t\t\t\t<\/div>\n\t\t\t\t\t\t\t\t\t\t\t<div class=\"swiper-slide\">\n\t\t\t\t\t\t\t\t\t<div class=\"elementor-testimonial\">\n\t\t\t\t\t\t\t<div class=\"elementor-testimonial__content\">\n\t\t\t\t\t<div class=\"elementor-testimonial__text\">\n\t\t\t\t\t\t<p>Lorem ipsum dolor sit amet, consectetur adipiscing elit. Ut elit tellus, luctus nec ullamcorper mattis, pulvinar dapibus leo.<\/p>\n\t\t\t\t\t<\/div>\n\t\t\t\t\t\t\t\t\t<\/div>\n\t\t\t\t\t\t<div class=\"elementor-testimonial__footer\">\n\t\t\t\t\t\t\t\t\t<div class=\"elementor-testimonial__image\">\n\t\t\t\t\t\t<img decoding=\"async\" src=\"https:\/\/keryasgg.luxuryrent.ir\/wp-content\/plugins\/elementor\/assets\/images\/placeholder.png\" alt=\"John Doe\">\n\t\t\t\t\t\t\t\t\t\t\t<\/div>\n\t\t\t\t\t\t\t\t<cite class=\"elementor-testimonial__cite\"><span class=\"elementor-testimonial__name\">John Doe<\/span><span class=\"elementor-testimonial__title\">CEO<\/span><\/cite>\t\t\t<\/div>\n\t\t<\/div>\n\t\t\t\t\t\t\t\t<\/div>\n\t\t\t\t\t\t\t\t\t\t\t<div class=\"swiper-slide\">\n\t\t\t\t\t\t\t\t\t<div class=\"elementor-testimonial\">\n\t\t\t\t\t\t\t<div class=\"elementor-testimonial__content\">\n\t\t\t\t\t<div class=\"elementor-testimonial__text\">\n\t\t\t\t\t\t<p>Lorem ipsum dolor sit amet, consectetur adipiscing elit. Ut elit tellus, luctus nec ullamcorper mattis, pulvinar dapibus leo.<\/p>\n\t\t\t\t\t<\/div>\n\t\t\t\t\t\t\t\t\t<\/div>\n\t\t\t\t\t\t<div class=\"elementor-testimonial__footer\">\n\t\t\t\t\t\t\t\t\t<div class=\"elementor-testimonial__image\">\n\t\t\t\t\t\t<img decoding=\"async\" src=\"https:\/\/keryasgg.luxuryrent.ir\/wp-content\/plugins\/elementor\/assets\/images\/placeholder.png\" alt=\"John Doe\">\n\t\t\t\t\t\t\t\t\t\t\t<\/div>\n\t\t\t\t\t\t\t\t<cite class=\"elementor-testimonial__cite\"><span class=\"elementor-testimonial__name\">John Doe<\/span><span class=\"elementor-testimonial__title\">CEO<\/span><\/cite>\t\t\t<\/div>\n\t\t<\/div>\n\t\t\t\t\t\t\t\t<\/div>\n\t\t\t\t\t\t\t\t\t<\/div>\n\t\t\t\t\t\t\t\t\t\t\t\t\t\t\t\t\t\t\t\t<div class=\"elementor-swiper-button elementor-swiper-button-prev\" role=\"button\" tabindex=\"0\">\n\t\t\t\t\t\t\t<i aria-hidden=\"true\" class=\"eicon-chevron-left\"><\/i>\t\t\t\t\t\t\t<span class=\"elementor-screen-only\">Previous<\/span>\n\t\t\t\t\t\t<\/div>\n\t\t\t\t\t\t<div class=\"elementor-swiper-button elementor-swiper-button-next\" role=\"button\" tabindex=\"0\">\n\t\t\t\t\t\t\t<i aria-hidden=\"true\" class=\"eicon-chevron-right\"><\/i>\t\t\t\t\t\t\t<span class=\"elementor-screen-only\">Next<\/span>\n\t\t\t\t\t\t<\/div>\n\t\t\t\t\t\t\t\t\t\t\t\t<\/div>\n\t\t<\/div>\n\t\t\t\t<\/div>\n\t\t\t\t<\/div>\n\t\t\t\t\t<\/div>\n\t\t\t\t<\/div>\n\t\t\t\t\t<\/div>\n\t\t\t\t<\/div>\n\t\t<div class=\"wd-negative-gap elementor-element elementor-element-3ae97bf e-flex e-con-boxed e-con e-parent\" data-id=\"3ae97bf\" data-element_type=\"container\">\n\t\t\t\t\t<div class=\"e-con-inner\">\n\t\t\t\t<div class=\"elementor-element elementor-element-8a58272 elementor-widget elementor-widget-heading\" data-id=\"8a58272\" data-element_type=\"widget\" data-widget_type=\"heading.default\">\n\t\t\t\t<div class=\"elementor-widget-container\">\n\t\t\t<h2 class=\"elementor-heading-title elementor-size-default\">FAQ<\/h2>\t\t<\/div>\n\t\t\t\t<\/div>\n\t\t<div class=\"elementor-element elementor-element-32fb2d0 e-con-full e-flex e-con e-child\" data-id=\"32fb2d0\" data-element_type=\"container\">\n\t\t\t\t<div class=\"elementor-element elementor-element-96cb93b elementor-widget elementor-widget-n-accordion\" data-id=\"96cb93b\" data-element_type=\"widget\" data-settings=\"{&quot;default_state&quot;:&quot;expanded&quot;,&quot;max_items_expended&quot;:&quot;one&quot;,&quot;n_accordion_animation_duration&quot;:{&quot;unit&quot;:&quot;ms&quot;,&quot;size&quot;:400,&quot;sizes&quot;:[]}}\" data-widget_type=\"nested-accordion.default\">\n\t\t\t\t<div class=\"elementor-widget-container\">\n\t\t\t\t\t<div class=\"e-n-accordion\" aria-label=\"Accordion. Open links with Enter or Space, close with Escape, and navigate with Arrow Keys\">\n\t\t\t\t\t\t<details id=\"e-n-accordion-item-1580\" class=\"e-n-accordion-item\" open>\n\t\t\t\t<summary class=\"e-n-accordion-item-title\" data-accordion-index=\"1\" tabindex=\"0\" aria-expanded=\"true\" aria-controls=\"e-n-accordion-item-1580\" >\n\t\t\t\t\t<span class='e-n-accordion-item-title-header'><div class=\"e-n-accordion-item-title-text\"> Option n\u00b01 <\/div><\/span>\n\t\t\t\t\t\t\t<span class='e-n-accordion-item-title-icon'>\n\t\t\t<span class='e-opened' ><i aria-hidden=\"true\" class=\"fas fa-minus\"><\/i><\/span>\n\t\t\t<span class='e-closed'><i aria-hidden=\"true\" class=\"fas fa-plus\"><\/i><\/span>\n\t\t<\/span>\n\n\t\t\t\t\t\t<\/summary>\n\t\t\t\t<div role=\"region\" aria-labelledby=\"e-n-accordion-item-1580\" class=\"elementor-element elementor-element-7aaba33 e-con-full e-flex e-con e-child\" data-id=\"7aaba33\" data-element_type=\"container\">\n\t\t\t\t<\/div>\n\t\t\t\t\t<\/details>\n\t\t\t\t\t\t<details id=\"e-n-accordion-item-1581\" class=\"e-n-accordion-item\" >\n\t\t\t\t<summary class=\"e-n-accordion-item-title\" data-accordion-index=\"2\" tabindex=\"-1\" aria-expanded=\"false\" aria-controls=\"e-n-accordion-item-1581\" >\n\t\t\t\t\t<span class='e-n-accordion-item-title-header'><div class=\"e-n-accordion-item-title-text\"> Option n\u00b02 <\/div><\/span>\n\t\t\t\t\t\t\t<span class='e-n-accordion-item-title-icon'>\n\t\t\t<span class='e-opened' ><i aria-hidden=\"true\" class=\"fas fa-minus\"><\/i><\/span>\n\t\t\t<span class='e-closed'><i aria-hidden=\"true\" class=\"fas fa-plus\"><\/i><\/span>\n\t\t<\/span>\n\n\t\t\t\t\t\t<\/summary>\n\t\t\t\t<div role=\"region\" aria-labelledby=\"e-n-accordion-item-1581\" class=\"elementor-element elementor-element-40a6955 e-con-full e-flex e-con e-child\" data-id=\"40a6955\" data-element_type=\"container\">\n\t\t\t\t<\/div>\n\t\t\t\t\t<\/details>\n\t\t\t\t\t\t<details id=\"e-n-accordion-item-1582\" class=\"e-n-accordion-item\" >\n\t\t\t\t<summary class=\"e-n-accordion-item-title\" data-accordion-index=\"3\" tabindex=\"-1\" aria-expanded=\"false\" aria-controls=\"e-n-accordion-item-1582\" >\n\t\t\t\t\t<span class='e-n-accordion-item-title-header'><div class=\"e-n-accordion-item-title-text\"> Option n\u00b03 <\/div><\/span>\n\t\t\t\t\t\t\t<span class='e-n-accordion-item-title-icon'>\n\t\t\t<span class='e-opened' ><i aria-hidden=\"true\" class=\"fas fa-minus\"><\/i><\/span>\n\t\t\t<span class='e-closed'><i aria-hidden=\"true\" class=\"fas fa-plus\"><\/i><\/span>\n\t\t<\/span>\n\n\t\t\t\t\t\t<\/summary>\n\t\t\t\t<div role=\"region\" aria-labelledby=\"e-n-accordion-item-1582\" class=\"elementor-element elementor-element-4e5f68e e-con-full e-flex e-con e-child\" data-id=\"4e5f68e\" data-element_type=\"container\">\n\t\t\t\t<\/div>\n\t\t\t\t\t<\/details>\n\t\t\t\t\t<\/div>\n\t\t\t\t<\/div>\n\t\t\t\t<\/div>\n\t\t\t\t<\/div>\n\t\t\t\t\t<\/div>\n\t\t\t\t<\/div>\n\t\t\t\t<\/div>\n\t\t","protected":false},"excerpt":{"rendered":"<p>Fer IronFold aliment\u00e9 par l&rsquo;IA Ironfold pr\u00e9sente un appareil de pointe permettant de repasser et de plier le linge simultan\u00e9ment,<\/p>\n","protected":false},"author":1,"featured_media":0,"parent":0,"menu_order":0,"comment_status":"closed","ping_status":"closed","template":"","meta":{"_acf_changed":false,"footnotes":""},"class_list":["post-784","page","type-page","status-publish","hentry"],"acf":[],"_links":{"self":[{"href":"https:\/\/ironfold.ca\/fr\/wp-json\/wp\/v2\/pages\/784","targetHints":{"allow":["GET"]}}],"collection":[{"href":"https:\/\/ironfold.ca\/fr\/wp-json\/wp\/v2\/pages"}],"about":[{"href":"https:\/\/ironfold.ca\/fr\/wp-json\/wp\/v2\/types\/page"}],"author":[{"embeddable":true,"href":"https:\/\/ironfold.ca\/fr\/wp-json\/wp\/v2\/users\/1"}],"replies":[{"embeddable":true,"href":"https:\/\/ironfold.ca\/fr\/wp-json\/wp\/v2\/comments?post=784"}],"version-history":[{"count":4,"href":"https:\/\/ironfold.ca\/fr\/wp-json\/wp\/v2\/pages\/784\/revisions"}],"predecessor-version":[{"id":929,"href":"https:\/\/ironfold.ca\/fr\/wp-json\/wp\/v2\/pages\/784\/revisions\/929"}],"wp:attachment":[{"href":"https:\/\/ironfold.ca\/fr\/wp-json\/wp\/v2\/media?parent=784"}],"curies":[{"name":"wp","href":"https:\/\/api.w.org\/{rel}","templated":true}]}}