{"id":782,"date":"2024-05-05T18:29:04","date_gmt":"2024-05-05T18:29:04","guid":{"rendered":"https:\/\/ironfold.ca\/investisseurs\/"},"modified":"2024-05-25T12:26:55","modified_gmt":"2024-05-25T12:26:55","slug":"investisseurs","status":"publish","type":"page","link":"https:\/\/ironfold.ca\/fr\/investisseurs\/","title":{"rendered":"Investisseurs"},"content":{"rendered":"\t\t<div data-elementor-type=\"wp-page\" data-elementor-id=\"782\" class=\"elementor elementor-782 elementor-535\" data-elementor-post-type=\"page\">\n\t\t\t\t<div class=\"wd-negative-gap elementor-element elementor-element-618f3e4 wd-section-stretch e-flex e-con-boxed e-con e-parent\" data-id=\"618f3e4\" data-element_type=\"container\" data-settings=\"{&quot;background_background&quot;:&quot;classic&quot;}\">\n\t\t\t\t\t<div class=\"e-con-inner\">\n\t\t<div class=\"wd-negative-gap elementor-element elementor-element-18935aa e-flex e-con-boxed e-con e-child\" data-id=\"18935aa\" data-element_type=\"container\">\n\t\t\t\t\t<div class=\"e-con-inner\">\n\t\t<div class=\"elementor-element elementor-element-e3460d3 e-con-full e-flex e-con e-child\" data-id=\"e3460d3\" data-element_type=\"container\">\n\t\t\t\t<div class=\"elementor-element elementor-element-35a7d99 elementor-widget elementor-widget-heading\" data-id=\"35a7d99\" data-element_type=\"widget\" data-widget_type=\"heading.default\">\n\t\t\t\t<div class=\"elementor-widget-container\">\n\t\t\t<style>\/*! elementor - v3.22.0 - 26-06-2024 *\/\n.elementor-heading-title{padding:0;margin:0;line-height:1}.elementor-widget-heading .elementor-heading-title[class*=elementor-size-]>a{color:inherit;font-size:inherit;line-height:inherit}.elementor-widget-heading .elementor-heading-title.elementor-size-small{font-size:15px}.elementor-widget-heading .elementor-heading-title.elementor-size-medium{font-size:19px}.elementor-widget-heading .elementor-heading-title.elementor-size-large{font-size:29px}.elementor-widget-heading .elementor-heading-title.elementor-size-xl{font-size:39px}.elementor-widget-heading .elementor-heading-title.elementor-size-xxl{font-size:59px}<\/style><h2 class=\"elementor-heading-title elementor-size-default\">\u00c9valuation<\/h2>\t\t<\/div>\n\t\t\t\t<\/div>\n\t\t\t\t<div class=\"elementor-element elementor-element-5d46171 color-scheme-inherit text-left elementor-widget elementor-widget-text-editor\" data-id=\"5d46171\" data-element_type=\"widget\" data-widget_type=\"text-editor.default\">\n\t\t\t\t<div class=\"elementor-widget-container\">\n\t\t\t<style>\/*! elementor - v3.22.0 - 26-06-2024 *\/\n.elementor-widget-text-editor.elementor-drop-cap-view-stacked .elementor-drop-cap{background-color:#69727d;color:#fff}.elementor-widget-text-editor.elementor-drop-cap-view-framed .elementor-drop-cap{color:#69727d;border:3px solid;background-color:transparent}.elementor-widget-text-editor:not(.elementor-drop-cap-view-default) .elementor-drop-cap{margin-top:8px}.elementor-widget-text-editor:not(.elementor-drop-cap-view-default) .elementor-drop-cap-letter{width:1em;height:1em}.elementor-widget-text-editor .elementor-drop-cap{float:left;text-align:center;line-height:1;font-size:50px}.elementor-widget-text-editor .elementor-drop-cap-letter{display:inline-block}<\/style>\t\t\t\t<p>\u00ab Avec une valorisation estim\u00e9e \u00e0 1\u00a0750\u00a0000 $, Ironfold pr\u00e9sente une opportunit\u00e9 prometteuse pour les investisseurs. Nous nous appuyons sur des m\u00e9thodologies d&rsquo;\u00e9valuation rigoureuses, notamment la m\u00e9thode Berkus, la somme des facteurs de risque et la m\u00e9thode Scorecard.<\/p>\n\t\t\t\t\t\t<\/div>\n\t\t\t\t<\/div>\n\t\t\t\t<\/div>\n\t\t<div class=\"elementor-element elementor-element-64cdd81 e-con-full e-flex e-con e-child\" data-id=\"64cdd81\" data-element_type=\"container\">\n\t\t\t\t<div class=\"elementor-element elementor-element-3322d61 elementor-widget elementor-widget-image\" data-id=\"3322d61\" data-element_type=\"widget\" data-widget_type=\"image.default\">\n\t\t\t\t<div class=\"elementor-widget-container\">\n\t\t\t<style>\/*! elementor - v3.22.0 - 26-06-2024 *\/\n.elementor-widget-image{text-align:center}.elementor-widget-image a{display:inline-block}.elementor-widget-image a img[src$=\".svg\"]{width:48px}.elementor-widget-image img{vertical-align:middle;display:inline-block}<\/style>\t\t\t\t\t\t\t\t\t\t<img fetchpriority=\"high\" decoding=\"async\" width=\"2560\" height=\"1706\" src=\"https:\/\/ironfold.ca\/wp-content\/uploads\/2024\/05\/agent-couple-signing-contract-close-up-dark-backgrounds-scaled.jpg\" class=\"attachment-full size-full wp-image-539\" alt=\"\" srcset=\"https:\/\/ironfold.ca\/wp-content\/uploads\/2024\/05\/agent-couple-signing-contract-close-up-dark-backgrounds-scaled.jpg 2560w, https:\/\/ironfold.ca\/wp-content\/uploads\/2024\/05\/agent-couple-signing-contract-close-up-dark-backgrounds-300x200.jpg 300w, https:\/\/ironfold.ca\/wp-content\/uploads\/2024\/05\/agent-couple-signing-contract-close-up-dark-backgrounds-1024x682.jpg 1024w, https:\/\/ironfold.ca\/wp-content\/uploads\/2024\/05\/agent-couple-signing-contract-close-up-dark-backgrounds-768x512.jpg 768w, https:\/\/ironfold.ca\/wp-content\/uploads\/2024\/05\/agent-couple-signing-contract-close-up-dark-backgrounds-1536x1024.jpg 1536w, https:\/\/ironfold.ca\/wp-content\/uploads\/2024\/05\/agent-couple-signing-contract-close-up-dark-backgrounds-2048x1365.jpg 2048w\" sizes=\"(max-width: 2560px) 100vw, 2560px\" \/>\t\t\t\t\t\t\t\t\t\t\t\t\t<\/div>\n\t\t\t\t<\/div>\n\t\t\t\t<\/div>\n\t\t\t\t\t<\/div>\n\t\t\t\t<\/div>\n\t\t<div class=\"wd-negative-gap elementor-element elementor-element-9ef2e59 e-flex e-con-boxed e-con e-child\" data-id=\"9ef2e59\" data-element_type=\"container\">\n\t\t\t\t\t<div class=\"e-con-inner\">\n\t\t<div class=\"elementor-element elementor-element-9d08ee6 e-con-full e-flex e-con e-child\" data-id=\"9d08ee6\" data-element_type=\"container\">\n\t\t\t\t<div class=\"elementor-element elementor-element-6e2e56d elementor-widget elementor-widget-heading\" data-id=\"6e2e56d\" data-element_type=\"widget\" data-widget_type=\"heading.default\">\n\t\t\t\t<div class=\"elementor-widget-container\">\n\t\t\t<h2 class=\"elementor-heading-title elementor-size-default\">Opportunit\u00e9s d'investissement<\/h2>\t\t<\/div>\n\t\t\t\t<\/div>\n\t\t\t\t<div class=\"elementor-element elementor-element-b428908 text-right color-scheme-inherit elementor-widget elementor-widget-text-editor\" data-id=\"b428908\" data-element_type=\"widget\" data-widget_type=\"text-editor.default\">\n\t\t\t\t<div class=\"elementor-widget-container\">\n\t\t\t\t\t\t\t<div class=\"page\" title=\"Page 1\">\n<div class=\"layoutArea\">\n<div class=\"column\">\n<div class=\"page\" title=\"Page 1\">\n<div class=\"layoutArea\">\n<div class=\"column\">\n<div class=\"page\" title=\"Page 2\">\n<div class=\"layoutArea\">\n<div class=\"column\">\n<p>\u00ab\u00a0Join us in revolutionizing the world of laundry. Explore investment opportunities<\/p>\n<p>and be a part of the future of efficiency and convenience.\u00a0\u00bb<\/p>\n<\/div>\n<\/div>\n<\/div>\n<\/div>\n<\/div>\n<\/div>\n<\/div>\n<\/div>\n<\/div>\n\t\t\t\t\t\t<\/div>\n\t\t\t\t<\/div>\n\t\t\t\t<\/div>\n\t\t<div class=\"elementor-element elementor-element-b5276ad e-con-full e-flex e-con e-child\" data-id=\"b5276ad\" data-element_type=\"container\">\n\t\t\t\t<div class=\"elementor-element elementor-element-804df90 elementor-widget elementor-widget-image\" data-id=\"804df90\" data-element_type=\"widget\" data-widget_type=\"image.default\">\n\t\t\t\t<div class=\"elementor-widget-container\">\n\t\t\t\t\t\t\t\t\t\t\t\t\t<img decoding=\"async\" width=\"2560\" height=\"2560\" src=\"https:\/\/ironfold.ca\/wp-content\/uploads\/2024\/05\/brown-pot-with-gold-coins-table-scaled.jpg\" class=\"attachment-full size-full wp-image-538\" alt=\"\" srcset=\"https:\/\/ironfold.ca\/wp-content\/uploads\/2024\/05\/brown-pot-with-gold-coins-table-scaled.jpg 2560w, https:\/\/ironfold.ca\/wp-content\/uploads\/2024\/05\/brown-pot-with-gold-coins-table-300x300.jpg 300w, https:\/\/ironfold.ca\/wp-content\/uploads\/2024\/05\/brown-pot-with-gold-coins-table-1024x1024.jpg 1024w, https:\/\/ironfold.ca\/wp-content\/uploads\/2024\/05\/brown-pot-with-gold-coins-table-150x150.jpg 150w, https:\/\/ironfold.ca\/wp-content\/uploads\/2024\/05\/brown-pot-with-gold-coins-table-768x768.jpg 768w, https:\/\/ironfold.ca\/wp-content\/uploads\/2024\/05\/brown-pot-with-gold-coins-table-1536x1536.jpg 1536w, https:\/\/ironfold.ca\/wp-content\/uploads\/2024\/05\/brown-pot-with-gold-coins-table-2048x2048.jpg 2048w\" sizes=\"(max-width: 2560px) 100vw, 2560px\" \/>\t\t\t\t\t\t\t\t\t\t\t\t\t<\/div>\n\t\t\t\t<\/div>\n\t\t\t\t<\/div>\n\t\t\t\t\t<\/div>\n\t\t\t\t<\/div>\n\t\t\t\t\t<\/div>\n\t\t\t\t<\/div>\n\t\t\t\t<\/div>\n\t\t","protected":false},"excerpt":{"rendered":"<p>\u00c9valuation \u00ab Avec une valorisation estim\u00e9e \u00e0 1\u00a0750\u00a0000 $, Ironfold pr\u00e9sente une opportunit\u00e9 prometteuse pour les investisseurs. Nous nous appuyons<\/p>\n","protected":false},"author":1,"featured_media":0,"parent":0,"menu_order":0,"comment_status":"closed","ping_status":"closed","template":"","meta":{"_acf_changed":false,"footnotes":""},"class_list":["post-782","page","type-page","status-publish","hentry"],"acf":[],"_links":{"self":[{"href":"https:\/\/ironfold.ca\/fr\/wp-json\/wp\/v2\/pages\/782","targetHints":{"allow":["GET"]}}],"collection":[{"href":"https:\/\/ironfold.ca\/fr\/wp-json\/wp\/v2\/pages"}],"about":[{"href":"https:\/\/ironfold.ca\/fr\/wp-json\/wp\/v2\/types\/page"}],"author":[{"embeddable":true,"href":"https:\/\/ironfold.ca\/fr\/wp-json\/wp\/v2\/users\/1"}],"replies":[{"embeddable":true,"href":"https:\/\/ironfold.ca\/fr\/wp-json\/wp\/v2\/comments?post=782"}],"version-history":[{"count":4,"href":"https:\/\/ironfold.ca\/fr\/wp-json\/wp\/v2\/pages\/782\/revisions"}],"predecessor-version":[{"id":923,"href":"https:\/\/ironfold.ca\/fr\/wp-json\/wp\/v2\/pages\/782\/revisions\/923"}],"wp:attachment":[{"href":"https:\/\/ironfold.ca\/fr\/wp-json\/wp\/v2\/media?parent=782"}],"curies":[{"name":"wp","href":"https:\/\/api.w.org\/{rel}","templated":true}]}}